{"id":556,"date":"2023-04-06T09:25:09","date_gmt":"2023-04-06T09:25:09","guid":{"rendered":"https:\/\/peglerajvjesalica.com\/?page_id=556"},"modified":"2023-04-06T09:29:46","modified_gmt":"2023-04-06T09:29:46","slug":"uvjeti-poslovanja","status":"publish","type":"page","link":"https:\/\/peglerajvjesalica.com\/index.php\/uvjeti-poslovanja\/","title":{"rendered":"Uvjeti poslovanja"},"content":{"rendered":"\t\t<div data-elementor-type=\"wp-page\" data-elementor-id=\"556\" class=\"elementor elementor-556\">\n\t\t\t\t<div class=\"elementor-element elementor-element-1d7112d e-flex e-con-boxed e-con e-parent\" data-id=\"1d7112d\" data-element_type=\"container\" data-e-type=\"container\">\n\t\t\t\t\t<div class=\"e-con-inner\">\n\t\t\t\t<div class=\"elementor-element elementor-element-5cba3b7 elementor-widget elementor-widget-heading\" data-id=\"5cba3b7\" data-element_type=\"widget\" data-e-type=\"widget\" data-widget_type=\"heading.default\">\n\t\t\t\t<div class=\"elementor-widget-container\">\n\t\t\t\t\t<h2 class=\"elementor-heading-title elementor-size-default\">OP\u0106I UVJETI POSLOVANJA<\/h2>\t\t\t\t<\/div>\n\t\t\t\t<\/div>\n\t\t\t\t<div class=\"elementor-element elementor-element-06b3b5c elementor-widget elementor-widget-text-editor\" data-id=\"06b3b5c\" data-element_type=\"widget\" data-e-type=\"widget\" data-widget_type=\"text-editor.default\">\n\t\t\t\t<div class=\"elementor-widget-container\">\n\t\t\t\t\t\t\t\t\t<p>Prihva\u0107anjem Op\u0107ih uvjeta izjavljujete da ste se upoznali, razumjeli i suglasili s na\u0161im Op\u0107im uvjetima te da prihva\u0107ate pravila i uvjete navedene u njima. Ukoliko niste suglasni s Op\u0107im uvjetima, molimo Vas da ne koristite ove stranice. Za vrijeme kori\u0161tenja i pristupanja stranicama https:\/\/peglerajvjesalica.com\/\u00a0primjenjuju se navedeni Op\u0107i uvjeti, kao i svi propisi Republike Hrvatske. Ogla\u0161iva\u010di i kupci (dalje u tekstu zajedno: korisnici) odgovaraju za svako postupanje protivno Op\u0107im uvjetima.<\/p><p>Stranica https:\/\/peglerajvjesalica.com\/ u vlasni\u0161tvu je trgova\u010dkog dru\u0161tva Aneri M.S. j.d.o.o.<\/p><p>Aneri M.S. j.d.o.o. zadr\u017eava pravo mijenjati izgled i sadr\u017eaj Op\u0107ih uvjeta, kao i svih servisa i podstranica koje su njegov sastavni dio, bez obveze prethodne najave. Isklju\u010diva je obveza korisnika upoznati se s takvim izmjenama. Nastavak kori\u0161tenja sadr\u017eaja i usluga na ovim stranicama, kao i svih servisa koje su njegov sastavni dio, nakon objave izmjena predstavlja Va\u0161 pristanak i suglasnost s istima. Promjene stupaju na snagu trenutkom objave na https:\/\/peglerajvjesalica.com\/ te Aneri M.S. j.d.o.o.\u00a0ne snosi nikakvu odgovornost zbog propu\u0161tanja korisnika da to u\u010dini.<\/p><p>Aneri M.S. j.d.o.o. se obvezuje da \u0107e \u010duvati osobne podatke svih svojih korisnika, te prikupljati samo nu\u017ene podatke i informirati korisnike o na\u010dinu njihova kori\u0161tenja. Aneri M.S. j.d.o.o. redovito daje korisnicima mogu\u0107nost izbora o upotrebi njihovih podataka, uklju\u010duju\u0107i mogu\u0107nost odluke \u017eele li ili ne da se njihovo ime ukloni s lista koje se koriste za marketin\u0161ke kampanje. Sukladno Zakonu o za\u0161titi osobnih podataka prikupljeni osobni podaci pohranjuju se u zbirci osobnih podataka koju vodi Aneri M.S. j.d.o.o.<\/p><p>Svi djelatnici Aneri M.S. j.d.o.o. po\u0161tuju na\u010dela za\u0161tite osobnih podataka.<\/p>\t\t\t\t\t\t\t\t<\/div>\n\t\t\t\t<\/div>\n\t\t\t\t\t<\/div>\n\t\t\t\t<\/div>\n\t\t\t\t<\/div>\n\t\t","protected":false},"excerpt":{"rendered":"<p>OP\u0106I UVJETI POSLOVANJA Prihva\u0107anjem Op\u0107ih uvjeta izjavljujete da ste se upoznali, razumjeli i suglasili s na\u0161im Op\u0107im uvjetima te da prihva\u0107ate pravila i uvjete navedene u njima. Ukoliko niste suglasni s Op\u0107im uvjetima, molimo Vas da ne koristite ove stranice. Za vrijeme kori\u0161tenja i pristupanja stranicama https:\/\/peglerajvjesalica.com\/\u00a0primjenjuju se navedeni Op\u0107i uvjeti, kao i svi propisi [&hellip;]<\/p>\n","protected":false},"author":1,"featured_media":0,"parent":0,"menu_order":0,"comment_status":"closed","ping_status":"closed","template":"","meta":{"ocean_post_layout":"","ocean_both_sidebars_style":"","ocean_both_sidebars_content_width":0,"ocean_both_sidebars_sidebars_width":0,"ocean_sidebar":"0","ocean_second_sidebar":"0","ocean_disable_margins":"enable","ocean_add_body_class":"","ocean_shortcode_before_top_bar":"","ocean_shortcode_after_top_bar":"","ocean_shortcode_before_header":"","ocean_shortcode_after_header":"","ocean_has_shortcode":"","ocean_shortcode_after_title":"","ocean_shortcode_before_footer_widgets":"","ocean_shortcode_after_footer_widgets":"","ocean_shortcode_before_footer_bottom":"","ocean_shortcode_after_footer_bottom":"","ocean_display_top_bar":"default","ocean_display_header":"default","ocean_header_style":"","ocean_center_header_left_menu":"0","ocean_custom_header_template":"0","ocean_custom_logo":0,"ocean_custom_retina_logo":0,"ocean_custom_logo_max_width":0,"ocean_custom_logo_tablet_max_width":0,"ocean_custom_logo_mobile_max_width":0,"ocean_custom_logo_max_height":0,"ocean_custom_logo_tablet_max_height":0,"ocean_custom_logo_mobile_max_height":0,"ocean_header_custom_menu":"0","ocean_menu_typo_font_family":"0","ocean_menu_typo_font_subset":"","ocean_menu_typo_font_size":0,"ocean_menu_typo_font_size_tablet":0,"ocean_menu_typo_font_size_mobile":0,"ocean_menu_typo_font_size_unit":"px","ocean_menu_typo_font_weight":"","ocean_menu_typo_font_weight_tablet":"","ocean_menu_typo_font_weight_mobile":"","ocean_menu_typo_transform":"","ocean_menu_typo_transform_tablet":"","ocean_menu_typo_transform_mobile":"","ocean_menu_typo_line_height":0,"ocean_menu_typo_line_height_tablet":0,"ocean_menu_typo_line_height_mobile":0,"ocean_menu_typo_line_height_unit":"","ocean_menu_typo_spacing":0,"ocean_menu_typo_spacing_tablet":0,"ocean_menu_typo_spacing_mobile":0,"ocean_menu_typo_spacing_unit":"","ocean_menu_link_color":"","ocean_menu_link_color_hover":"","ocean_menu_link_color_active":"","ocean_menu_link_background":"","ocean_menu_link_hover_background":"","ocean_menu_link_active_background":"","ocean_menu_social_links_bg":"","ocean_menu_social_hover_links_bg":"","ocean_menu_social_links_color":"","ocean_menu_social_hover_links_color":"","ocean_disable_title":"default","ocean_disable_heading":"default","ocean_post_title":"","ocean_post_subheading":"","ocean_post_title_style":"","ocean_post_title_background_color":"","ocean_post_title_background":0,"ocean_post_title_bg_image_position":"","ocean_post_title_bg_image_attachment":"","ocean_post_title_bg_image_repeat":"","ocean_post_title_bg_image_size":"","ocean_post_title_height":0,"ocean_post_title_bg_overlay":0.5,"ocean_post_title_bg_overlay_color":"","ocean_disable_breadcrumbs":"default","ocean_breadcrumbs_color":"","ocean_breadcrumbs_separator_color":"","ocean_breadcrumbs_links_color":"","ocean_breadcrumbs_links_hover_color":"","ocean_display_footer_widgets":"default","ocean_display_footer_bottom":"default","ocean_custom_footer_template":"0","footnotes":""},"class_list":["post-556","page","type-page","status-publish","hentry","entry"],"_links":{"self":[{"href":"https:\/\/peglerajvjesalica.com\/index.php\/wp-json\/wp\/v2\/pages\/556","targetHints":{"allow":["GET"]}}],"collection":[{"href":"https:\/\/peglerajvjesalica.com\/index.php\/wp-json\/wp\/v2\/pages"}],"about":[{"href":"https:\/\/peglerajvjesalica.com\/index.php\/wp-json\/wp\/v2\/types\/page"}],"author":[{"embeddable":true,"href":"https:\/\/peglerajvjesalica.com\/index.php\/wp-json\/wp\/v2\/users\/1"}],"replies":[{"embeddable":true,"href":"https:\/\/peglerajvjesalica.com\/index.php\/wp-json\/wp\/v2\/comments?post=556"}],"version-history":[{"count":10,"href":"https:\/\/peglerajvjesalica.com\/index.php\/wp-json\/wp\/v2\/pages\/556\/revisions"}],"predecessor-version":[{"id":566,"href":"https:\/\/peglerajvjesalica.com\/index.php\/wp-json\/wp\/v2\/pages\/556\/revisions\/566"}],"wp:attachment":[{"href":"https:\/\/peglerajvjesalica.com\/index.php\/wp-json\/wp\/v2\/media?parent=556"}],"curies":[{"name":"wp","href":"https:\/\/api.w.org\/{rel}","templated":true}]}}