{"id":525,"date":"2023-04-06T08:41:19","date_gmt":"2023-04-06T08:41:19","guid":{"rendered":"https:\/\/peglerajvjesalica.com\/?page_id=525"},"modified":"2025-09-05T16:10:44","modified_gmt":"2025-09-05T16:10:44","slug":"politika-privatnosti","status":"publish","type":"page","link":"https:\/\/peglerajvjesalica.com\/index.php\/politika-privatnosti\/","title":{"rendered":"Politika privatnosti"},"content":{"rendered":"\t\t<div data-elementor-type=\"wp-page\" data-elementor-id=\"525\" class=\"elementor elementor-525\">\n\t\t\t\t<div class=\"elementor-element elementor-element-328cc72 e-flex e-con-boxed e-con e-parent\" data-id=\"328cc72\" data-element_type=\"container\" data-e-type=\"container\">\n\t\t\t\t\t<div class=\"e-con-inner\">\n\t\t\t\t<div class=\"elementor-element elementor-element-817d145 elementor-widget elementor-widget-heading\" data-id=\"817d145\" data-element_type=\"widget\" data-e-type=\"widget\" data-widget_type=\"heading.default\">\n\t\t\t\t<div class=\"elementor-widget-container\">\n\t\t\t\t\t<h2 class=\"elementor-heading-title elementor-size-default\">POLITIKA PRIVATNOSTI<\/h2>\t\t\t\t<\/div>\n\t\t\t\t<\/div>\n\t\t\t\t<div class=\"elementor-element elementor-element-e90f4c8 elementor-widget elementor-widget-text-editor\" data-id=\"e90f4c8\" data-element_type=\"widget\" data-e-type=\"widget\" data-widget_type=\"text-editor.default\">\n\t\t\t\t<div class=\"elementor-widget-container\">\n\t\t\t\t\t\t\t\t\t<p>GDPR je naziv za Uredbu 2016\/679 Europskog parlamenta i vije\u0107a od 27. travnja 2016. godine o za\u0161titi pojedinaca u vezi s obradom osobnih podataka i o slobodnom kretanju takvih podataka te o stavljanju izvan snage Direktive 95\/46\/EZ (Op\u0107a uredba o za\u0161titi podataka).<\/p><p>VODITELJ OBRADE je fizi\u010dka ili pravna osoba koja odre\u0111uje svrhu i sredstva obrade osobnih podataka.<\/p><p>IZVR\u0160ITELJ OBRADE je fizi\u010dka ili pravna osoba koja obra\u0111uje osobne podatke u ime voditelja obrade.<\/p><p>Aneri M.S. j.d.o.o., Mlinovi 44, 10 000 Zagreb, OIB:49956353536<\/p><p>(u nastavku: Dru\u0161tvo).<\/p><p>Dru\u0161tvo brine za Va\u0161u privatnost i za\u0161titu Va\u0161ih osobnih podataka. Ovu izjavu o privatnosti objavili smo kako bismo Vas obavijestili o na\u010dinima skupljanja i obrade osobnih podataka koje imamo o Vama, o zakonskim temeljima na kojima ih prikupljamo i obra\u0111ujemo, o Va\u0161im osobnim pravima koja imate u vezi svojih osobnih podataka te na\u010dinima kako svoja prava mo\u017eete ostvariti ili za\u0161tititi. Stoga vas ljubazno molimo da detaljno pro\u010ditate ovu Izjavu i da povremeno provjerite ovu stranicu radi eventualnih a\u017euriranja Izjave u budu\u0107nosti.<\/p><p>O nama<\/p><p>Aneri M.S. j.d.o.o. , Mlinovi 44, 10 000 Zagreb, OIB: 05240249184 voditelj obrade va\u0161ih podataka (dalje u tekstu: \u201emi\u201c, \u201enas\u201c i sl.) u smislu Op\u0107e uredbe o za\u0161titi podataka.<\/p><p>Ova Izjava pokriva podatke koje o vama prikupimo putem interneta, odnosno posredstvom e-maila, web stranice https:\/\/peglerajvjesalica.com\/ \u00a0te ostalih povezanih sredstava komunikacije.<\/p><p>Eventualne poveznice koje se nalaze na na\u0161em web-mjestu, a vode do drugih web-stranica nisu pokrivene ovom Izjavom i ne mo\u017eemo odgovarati za njihov sadr\u017eaj ili praksu obrade podataka.<\/p><p>Koje osobne podatke prikupljamo<\/p><p>Tijekom kori\u0161tenja web-stranice o vama mo\u017eemo prikupiti nekoliko vrsta podataka koji se samostalno ili u kombinaciji s ostalim podacima mogu smatrati osobnima. To su:<\/p><p>Ime i prezime<br \/>Adresa<br \/>Broj telefona<br \/>E-mail adresa<br \/>Va\u0161a IP adresa<br \/>Kada prikupljamo Va\u0161e osobne podatke<\/p><p>Postoji vi\u0161e situacija tijekom kojih mo\u017eemo prikupljati va\u0161e osobne podatke:<\/p><p>kad nam osobne podatke svojevoljno pru\u017eite, na primjer kad ispunite obrazac za narud\u017ebu ili registraciju korisnika, kad nas nazovete na broj telefona naveden na web stranici, po\u0161aljete nam e-mail ili nam se obratite putem kontakt obrasca;<br \/>kad posjetite na\u0161u web stranicu, npr. podaci o IP adresi koji se mogu automatski prikupljati kad je to nu\u017eno potrebno za sigurnost i ispravan rad stranice;<br \/>kad nas nazovete, u kojem slu\u010daju razgovor mo\u017ee biti sniman;<br \/>kad podatke dobijemo od tre\u0107ih strana u skladu sa zakonom, o \u010demu \u0107emo vas obavijestiti u roku od 30 dana od zaprimanja tih podataka ili tijekom prvog uspostavljanja kontakta.<br \/>Ne prikupljamo podatke maloljetnih osoba niti istima nudimo svoje usluge. Ne obra\u0111ujemo posebne kategorije osobnih podataka u smislu \u010dl. 9. Op\u0107e uredbe.<\/p><p>Svrhe kori\u0161tenja Va\u0161ih osobnih podataka<\/p><p>Va\u0161e osobne podatke prikupljamo i obra\u0111ujemo:<\/p><p>radi registracije novog korisni\u010dkog ra\u010duna;<br \/>radi komunikacije i odgovora na va\u0161e upite i zahtjeve za suradnju;<br \/>radi organizacije nagradnih natje\u010daja i objave imena dobitnika;<br \/>radi analize posjeta web-stranici i personalizacije korisni\u010dkog iskustva;<br \/>radi slanja promotivnih poruka i newslettera.<br \/>Zadr\u017eavamo pravo proslje\u0111ivanja va\u0161ih osobnih podataka tre\u0107im stranama (na\u0161im stru\u010dnim suradnicima i\/ili tvrtkama s kojima pru\u017eamo usluge) u svrhu pru\u017eanja kvalitetnije usluge ili ako od nas to zatra\u017eite. Isto tako, zadr\u017eavamo pravo javne objave imena dobitnika nagradnih natje\u010daja na temelju na\u0161eg legitimnog interesa, odnosno \u010duvanja transparentnosti i regularnosti samog natje\u010daja.<\/p><p>Primatelji podataka<\/p><p>Va\u0161e osobne podatke ne proslje\u0111ujemo tre\u0107im stranama, osim ako nismo na to obvezni temeljem zakona.<\/p><p>Va\u0161e osobne podatke ne proslje\u0111ujemo u tre\u0107e zemlje koje nisu obuhva\u0107ene odlukama adekvatnosti Europske komisije ili \u0160titom privatnosti (odlukom o prijenosu podataka izme\u0111u SAD-a i EU-a koja propisuje razinu za\u0161tite ekvivalentnu onoj EU-a). Podaci o posjeti i identifikatori mogu se prenositi u SAD kod voditelja obrade Google Inc.<\/p><p>Izvr\u0161itelji obrade<\/p><p>Va\u0161e osobne podatke mo\u017eemo proslijediti tre\u0107im stranama poput knjigovodstvenog servisa, vr\u0161iteljima usluge naplate kreditnih kartica ili kurirskoj slu\u017ebi radi isporuke narud\u017ebe. Sa svim izvr\u0161iteljima obrade imamo valjanje ugovore o za\u0161titi podataka koje na\u0161e partnere obvezuju na \u010duvanje Va\u0161ih osobnih podataka u skladu sa va\u017ee\u0107im zakonskim propisima.<\/p><p>Kori\u0161tenje kola\u010di\u0107a i drugih identifikatora<\/p><p>Prilikom posjeta na\u0161oj web-stranici, od va\u0161eg preglednika mo\u017eemo prikupiti sljede\u0107e podatke:<\/p><p>IP adresu<br \/>Vrijeme pristupa<br \/>Identifikatore (preglednik, operativni sustav, jezik i sl.)<br \/>Prethodnu web-stranicu s koje se pristupilo (referrer)<br \/>Sadr\u017eaj ko\u0161arice<br \/>Ti se podaci prikupljaju radi osiguravanja stabilnosti poslu\u017eitelja, pobolj\u0161avanja sigurnosti, boljeg korisni\u010dkog iskustva i lak\u0161eg iskustva kupovine. Ove aktivnosti skupljanja podataka temelje se na na\u0161em legitimnom interesu.<\/p><p>Vi\u0161e podataka o kola\u010di\u0107ima mo\u017eete saznati u na\u0161oj Izjavi o kola\u010di\u0107ima .<\/p><p>Za\u0161tita podataka<\/p><p>Za za\u0161titu Va\u0161ih podataka koje \u0161aljete preko ove web stranice, koristimo fizi\u010dke, tehni\u010dke i organizacijske mjere sigurnosti. Svi va\u0161i osobni podaci u na\u0161em posjedu \u010duvaju se na zakonom primjeren na\u010din. U pravilu koristimo HTTPS sustav kriptiranja \u010dime se podaci \u0161tite od neovla\u0161tenog pristupa. Poruke e-po\u0161te pohranjene su na sigurnim poslu\u017eiteljima i za\u0161ti\u0107ene lozinkama. Ako nije prijeko potrebno, va\u0161e podatke ne\u0107emo umna\u017eati i ispisivati, osim u svrhu izrade redovnih sigurnosnih kopija.<\/p><p>Pristup Va\u0161im osobnim podacima imaju zaposlenici kojima te informacije koriste kako bi Vam pru\u017eili neke koristi ili usluge. Eventualni suradnici i ostali izvr\u0161itelji obrade jam\u010de jednaku ili vi\u0161u razinu za\u0161tite podataka od one navedenoj u ovoj Izjavi.<\/p><p>Razdoblje i mjesto pohrane<\/p><p>Podatke koje od Vas dobijemo na temelju privole u pravilu pohranjujemo dok istu ne povu\u010dete. U suprotnom, podatke pohranjujemo koliko je to potrebno za izvr\u0161avanje ugovornih i\/ili zakonskih obveza, a najmanje dvije godine. Podatke o komunikaciji (npr. kad nam se obratite) dr\u017eimo najmanje 5 godina. Podatke telefonskih razgovora pohranjujemo na razdoblje od 2 godine.<\/p><p>Osobni podaci pohranjuju se u prostorijama tvrtke u adekvatno za\u0161ti\u0107enim prostorijama te na poslu\u017eitelju tvrtke i tre\u0107ih strana u Republici Hrvatskoj.<\/p><p>Va\u0161a zakonska prava<\/p><p>Prema Op\u0107oj uredbi o za\u0161titi podataka, svim ispitanicima (osobama koji ostavljaju svoje osobne podatke) pripadaju odre\u0111ena prava koja mogu ostvariti u bilo kojem trenutku javljanjem voditelju obrade.<\/p><p>Ako imate bilo kakva pitanja ili \u017eelite ostvariti neko od dolje navedenih prava, molimo Vas da nam se obratite na peglerajvjesalica@gmail.com ili po\u0161tom na Mlinovi 44,<br \/>10 000 Zagreb<\/p><p>Na Va\u0161e \u0107emo zahtjeve u pravilu odgovoriti u roku 30 dana.<\/p><p>Pravo pristupa i informiranja<\/p><p>Na va\u0161 \u0107emo vam zahtjev dostaviti izvje\u0161\u0107e o svim va\u0161im osobnim podacima kojima raspola\u017eemo i omogu\u0107iti vam uvid u iste. Ako ne raspola\u017eemo va\u0161im osobnim podacima, o tome \u0107emo vas tako\u0111er obavijestiti.<\/p><p>Ako ste nam osobne podatke dostavili prilikom registracije kupca, odnosno \u010dlana, svoje podatke mo\u017eete uvijek pregledati i iz svog korisni\u010dkog profila.<\/p><p>Pravo ispravka<\/p><p>Ako utvrdite neto\u010dnosti u osobnim podacima kojima raspola\u017eemo, na va\u0161 \u0107emo ih zahtjev ispraviti, uz dostavljanje to\u010dnih informacija. Tijekom obrade zahtjeva u pravilu \u0107emo, kadgod je mogu\u0107e, privremeno obustaviti obradu spornih podataka.<\/p><p>Ako ste nam osobne podatke dostavili prilikom registracije kupca, odnosno \u010dlana, svoje podatke mo\u017eete uvijek izmijeniti i pregledati i iz svog korisni\u010dkog profila.<\/p><p>Pravo na brisanje (pravo na zaborav)<\/p><p>Imate pravo zahtijevati brisanje svojih osobnih podataka kojima raspola\u017eemo ako je barem jedan od ovih uvjeta zadovoljen:<\/p><p>podatke obra\u0111ujemo na nezakonit na\u010din;<br \/>va\u0161e podatke koristimo u svrhu izravnog marketinga temeljenog na legitimnom interesu;<br \/>nema zakonske osnove za pohranu podataka;<br \/>podaci vi\u0161e nisu potrebni za ispunjenje svrhe u koju su prikupljeni;<br \/>postoji zakonska obveza za njihovo brisanje;<br \/>povukli ste privolu za njihovu obradu.<br \/>Ova prava proizlaze iz \u010dl. 17. st. 1. Op\u0107e uredbe. Napominjemo da je pravo ograni\u010deno i da ne\u0107emo biti u mogu\u0107nosti u svim slu\u010dajevima na va\u0161 zahtjev obrisati osobne podatke, npr. ako imamo zakonsku obvezu iste \u010duvati.<\/p><p>Pravo na ograni\u010denje obrade<\/p><p>mo\u017eete od nas tra\u017eiti da privremeno obustavimo obradu ako:<\/p><p>smatrate da su podaci neto\u010dni (poslali ste zahtjev za ispravkom),<br \/>su podaci nezakonito obra\u0111eni, ali ne \u017eelite izbrisati podatke<br \/>su Vam podaci potrebni za obranu, postavljanje ili ostvarivanje pravnih zahtjeva, \u010dak iako ih mi vi\u0161e ne trebamo<br \/>o\u010dekujete potvrdu nadilaze li na\u0161i legitimni razlozi za obradu Va\u0161e, nakon upu\u0107enog prigovora na obradu.<br \/>Pravo na prenosivost podataka<\/p><p>Na va\u0161 \u0107emo vam zahtjev dostaviti kopiju Va\u0161ih podataka u uobi\u010dajeno upotrebljavanom i strojno \u010ditljivom formatu. Mo\u017eete zatra\u017eiti da te podatke prenesemo i izravno drugom voditelju obrade kojeg nam navedete.<\/p><p>Pravo na prigovor<\/p><p>U svakom trenutku imate pravo usprotiviti se na\u0161oj obradi va\u0161ih osobnih podataka temeljenoj na legitimnom interesu. Nakon zaprimanja prigovora utvrdit \u0107emo nadilaze li na\u0161i legitimni interesi eventualne rizike po va\u0161a prava i slobode.<\/p><p>Pravo pritu\u017ebe nadle\u017enom tijelu<\/p><p>Trudimo se va\u0161e osobne podatke obra\u0111ivati na transparentan i po\u0161ten na\u010din, u skladu sa zakonom.<\/p><p>Ipak, ako smatrate da na nezakonit na\u010din obra\u0111ujemo va\u0161e podatke ili spor ne mo\u017eemo rije\u0161iti mirnim putem, imate pravo uputiti \u017ealbu nadle\u017enom tijelu u dr\u017eavi \u010dlanici EU-a u kojoj imate prebivali\u0161te ili izravno Agenciji za za\u0161titi osobnih podataka, Marti\u0107eva 14, 10000 Zagreb; azop@azop.hr .<\/p><p>Obavje\u0161tavanje o povredi osobnih podataka<\/p><p>U slu\u010daju da do\u0111e do povrede osobnih podataka (\u0161to uklju\u010duje, ali nije ograni\u010deno na kra\u0111u, gubitak, neovla\u0161teno prikazivanje, umna\u017eanje i otkrivanje) s mogu\u0107im zna\u010dajnim negativnim utjecajem na Va\u0161a prava i slobode, du\u017eni smo Vas i nadzorno tijelo o tome obavijestiti \u0161to je prije mogu\u0107e, a najkasnije 72 sata od na\u0161eg saznanja za povredu.<\/p><p>Obavijest o povredi nismo Vam du\u017eni poslati samo u slu\u010dajevima:<\/p><p>ako postoje tehni\u010dke i organizacijske mjere za\u0161tite (poput enkripcije) koje su primijenjene na osobne podatke pogo\u0111ene povredom osobnih podataka, koje te podatke \u010dine nerazumljiva bilo kojoj osobi koja im nije ovla\u0161tena pristupiti;<br \/>ako smo poduzeli naknadne mjere kojima se osigurava da vi\u0161e nije vjerojatno da \u0107e do\u0107i do visokog rizika za prava i slobode pojedinaca;<br \/>ako bi to iziskivalo nerazmjeran napor (u tom slu\u010daju \u0107emo Vas obavijestiti putem sredstava javnog obavje\u0161\u0107ivanja ili sli\u010dne jednako djelotvorne mjere).<br \/>Kontakt podaci<\/p><p>Kontaktirati nas mo\u017eete na:<\/p><p>Mobitel:<br \/>092 323 8338<\/p><p>Email:<br \/>peglerajvjesalica@gmail.com<\/p><p>Po\u0161ta:\u00a0<br \/>Aneri M.S. j.d.o.o., Mlinovi 44<br \/>10 000 Zagreb<\/p><p>Promjene ove Izjave<\/p><p>Zadr\u017eavamo pravo a\u017euriranja ove Izjave. Najnovija ina\u010dica bit \u0107e objavljena na ovoj stranici.<\/p><p>Datum zadnje promjene: 6.4.2023.<\/p>\t\t\t\t\t\t\t\t<\/div>\n\t\t\t\t<\/div>\n\t\t\t\t\t<\/div>\n\t\t\t\t<\/div>\n\t\t\t\t<\/div>\n\t\t","protected":false},"excerpt":{"rendered":"<p>POLITIKA PRIVATNOSTI GDPR je naziv za Uredbu 2016\/679 Europskog parlamenta i vije\u0107a od 27. travnja 2016. godine o za\u0161titi pojedinaca u vezi s obradom osobnih podataka i o slobodnom kretanju takvih podataka te o stavljanju izvan snage Direktive 95\/46\/EZ (Op\u0107a uredba o za\u0161titi podataka). VODITELJ OBRADE je fizi\u010dka ili pravna osoba koja odre\u0111uje svrhu i [&hellip;]<\/p>\n","protected":false},"author":1,"featured_media":0,"parent":0,"menu_order":0,"comment_status":"closed","ping_status":"closed","template":"","meta":{"ocean_post_layout":"","ocean_both_sidebars_style":"","ocean_both_sidebars_content_width":0,"ocean_both_sidebars_sidebars_width":0,"ocean_sidebar":"0","ocean_second_sidebar":"0","ocean_disable_margins":"enable","ocean_add_body_class":"","ocean_shortcode_before_top_bar":"","ocean_shortcode_after_top_bar":"","ocean_shortcode_before_header":"","ocean_shortcode_after_header":"","ocean_has_shortcode":"","ocean_shortcode_after_title":"","ocean_shortcode_before_footer_widgets":"","ocean_shortcode_after_footer_widgets":"","ocean_shortcode_before_footer_bottom":"","ocean_shortcode_after_footer_bottom":"","ocean_display_top_bar":"default","ocean_display_header":"default","ocean_header_style":"","ocean_center_header_left_menu":"0","ocean_custom_header_template":"0","ocean_custom_logo":0,"ocean_custom_retina_logo":0,"ocean_custom_logo_max_width":0,"ocean_custom_logo_tablet_max_width":0,"ocean_custom_logo_mobile_max_width":0,"ocean_custom_logo_max_height":0,"ocean_custom_logo_tablet_max_height":0,"ocean_custom_logo_mobile_max_height":0,"ocean_header_custom_menu":"0","ocean_menu_typo_font_family":"0","ocean_menu_typo_font_subset":"","ocean_menu_typo_font_size":0,"ocean_menu_typo_font_size_tablet":0,"ocean_menu_typo_font_size_mobile":0,"ocean_menu_typo_font_size_unit":"px","ocean_menu_typo_font_weight":"","ocean_menu_typo_font_weight_tablet":"","ocean_menu_typo_font_weight_mobile":"","ocean_menu_typo_transform":"","ocean_menu_typo_transform_tablet":"","ocean_menu_typo_transform_mobile":"","ocean_menu_typo_line_height":0,"ocean_menu_typo_line_height_tablet":0,"ocean_menu_typo_line_height_mobile":0,"ocean_menu_typo_line_height_unit":"","ocean_menu_typo_spacing":0,"ocean_menu_typo_spacing_tablet":0,"ocean_menu_typo_spacing_mobile":0,"ocean_menu_typo_spacing_unit":"","ocean_menu_link_color":"","ocean_menu_link_color_hover":"","ocean_menu_link_color_active":"","ocean_menu_link_background":"","ocean_menu_link_hover_background":"","ocean_menu_link_active_background":"","ocean_menu_social_links_bg":"","ocean_menu_social_hover_links_bg":"","ocean_menu_social_links_color":"","ocean_menu_social_hover_links_color":"","ocean_disable_title":"default","ocean_disable_heading":"default","ocean_post_title":"","ocean_post_subheading":"","ocean_post_title_style":"","ocean_post_title_background_color":"","ocean_post_title_background":0,"ocean_post_title_bg_image_position":"","ocean_post_title_bg_image_attachment":"","ocean_post_title_bg_image_repeat":"","ocean_post_title_bg_image_size":"","ocean_post_title_height":0,"ocean_post_title_bg_overlay":0.5,"ocean_post_title_bg_overlay_color":"","ocean_disable_breadcrumbs":"default","ocean_breadcrumbs_color":"","ocean_breadcrumbs_separator_color":"","ocean_breadcrumbs_links_color":"","ocean_breadcrumbs_links_hover_color":"","ocean_display_footer_widgets":"default","ocean_display_footer_bottom":"default","ocean_custom_footer_template":"0","footnotes":""},"class_list":["post-525","page","type-page","status-publish","hentry","entry"],"_links":{"self":[{"href":"https:\/\/peglerajvjesalica.com\/index.php\/wp-json\/wp\/v2\/pages\/525","targetHints":{"allow":["GET"]}}],"collection":[{"href":"https:\/\/peglerajvjesalica.com\/index.php\/wp-json\/wp\/v2\/pages"}],"about":[{"href":"https:\/\/peglerajvjesalica.com\/index.php\/wp-json\/wp\/v2\/types\/page"}],"author":[{"embeddable":true,"href":"https:\/\/peglerajvjesalica.com\/index.php\/wp-json\/wp\/v2\/users\/1"}],"replies":[{"embeddable":true,"href":"https:\/\/peglerajvjesalica.com\/index.php\/wp-json\/wp\/v2\/comments?post=525"}],"version-history":[{"count":16,"href":"https:\/\/peglerajvjesalica.com\/index.php\/wp-json\/wp\/v2\/pages\/525\/revisions"}],"predecessor-version":[{"id":724,"href":"https:\/\/peglerajvjesalica.com\/index.php\/wp-json\/wp\/v2\/pages\/525\/revisions\/724"}],"wp:attachment":[{"href":"https:\/\/peglerajvjesalica.com\/index.php\/wp-json\/wp\/v2\/media?parent=525"}],"curies":[{"name":"wp","href":"https:\/\/api.w.org\/{rel}","templated":true}]}}